{"id":5307,"date":"2024-01-04T10:36:28","date_gmt":"2024-01-04T10:36:28","guid":{"rendered":"https:\/\/ereja.al\/?page_id=5307"},"modified":"2024-01-04T12:41:33","modified_gmt":"2024-01-04T12:41:33","slug":"terma-dhe-kushte-mg","status":"publish","type":"page","link":"https:\/\/ereja.al\/en\/terma-dhe-kushte-mg\/","title":{"rendered":"Terma dhe Kushte MoneyGram"},"content":{"rendered":"<div class=\"wpb-content-wrapper\"><div class=\"vc_row wpb_row vc_row-fluid\" ><div class=\"wpb_column vc_column_container vc_col-sm-12\"><div class=\"vc_column-inner\"><div class=\"wpb_wrapper\">\n\t<div class=\"wpb_text_column wpb_content_element\" >\n\t\t<div class=\"wpb_wrapper\">\n\t\t\t<p><strong>PARALAJM\u00cbRIM P\u00cbR MASHTRIMET P\u00cbR TRANSFERT\u00cbN TUAJ T\u00cb PARAVE<\/strong><\/p>\n<p><strong>Mbajini parat\u00eb t\u00eb sigurta!<\/strong><\/p>\n<p>Po d\u00ebrgoni para p\u00ebr:<\/p>\n<p><strong>1)<\/strong> nj\u00eb agjenci qeveritare, autoritet tatimor apo policin\u00eb;<\/p>\n<p><strong>2)<\/strong> dik\u00eb q\u00eb nuk e njihni, duke p\u00ebrfshir\u00eb dik\u00eb q\u00eb keni njohur online p\u00ebrmes internetit q\u00eb ju intereson p\u00ebr lidhje dashurie?<\/p>\n<p><strong>3)<\/strong> nj\u00eb mik ose t\u00eb af\u00ebrm q\u00eb thot\u00eb se ka nevoj\u00eb p\u00ebr ndihm\u00eb;<\/p>\n<p><strong>4)<\/strong> nj\u00eb pretendim p\u00ebr trash\u00ebgimi ose \u00e7mime ose p\u00ebr kthimin e nj\u00eb mbifaturimi?<\/p>\n<p><strong>5)<\/strong> t\u00eb marr\u00eb nj\u00eb kart\u00eb krediti \u201ct\u00eb sigurt\u201d nj\u00eb hua\/kredi ose nj\u00eb ofert\u00eb pune?<\/p>\n<p><strong>6)<\/strong> t\u00eb d\u00ebrguar para \u201csi garanci\u201d; p\u00ebr marrjen me qira t\u00eb nj\u00eb apartamenti ose p\u00ebr t\u00eb bler\u00eb nj\u00eb makin\u00eb, nj\u00eb kafsh\u00eb sht\u00ebpiake apo \u00e7do gj\u00eb tjet\u00ebr?<\/p>\n<p><strong>N\u00ebse PO, NDALONI! Mos i d\u00ebrgoni parat\u00eb!<\/strong> Ky \u00ebsht\u00eb nj\u00eb mashtrim dhe dikush po p\u00ebrpiqet t\u2019ju vjedh\u00eb parat\u00eb tuaja. N\u00ebse d\u00ebrgoni parat\u00eb, ato mund t\u00eb t\u00ebrhiqen me shpejt\u00ebsi dhe ju mund t\u00eb mos arrini t\u00eb merrni rimbursim. Shit\u00ebsit dhe telereklamuesit nuk mund t\u00eb marrin pagesa p\u00ebrmes transfertave t\u00eb parave, nga persona n\u00eb Shtetet e Bashkuara, p\u00ebr di\u00e7ka q\u00eb shesin n\u00ebp\u00ebrmjet telemarketingut.<\/p>\n<p>Mos i jepni asnj\u00ebher\u00eb askujt numrin e referenc\u00ebs s\u00eb transaksionit p\u00ebrve\u00e7se personit q\u00eb do t\u2019i d\u00ebrgoni parat\u00eb. N\u00ebse keni humbur parat\u00eb nga nj\u00eb mashtrim n\u00ebp\u00ebrmjet MoneyGram, telefononi MoneyGram n\u00eb numrin +35542274743 ose vizitoni www.moneygram.com p\u00ebr t\u00eb paraqitur nj\u00eb raport p\u00ebr mashtrimin.<\/p>\n\n\t\t<\/div>\n\t<\/div>\n<\/div><\/div><\/div><\/div><div class=\"vc_row wpb_row vc_row-fluid\" ><div class=\"wpb_column vc_column_container vc_col-sm-12\"><div class=\"vc_column-inner\"><div class=\"wpb_wrapper\"><div class=\"vc_empty_space\"   style=\"height: 50px\"><span class=\"vc_empty_space_inner\"><\/span><\/div><\/div><\/div><\/div><\/div>\n<\/div>","protected":false},"excerpt":{"rendered":"PARALAJM\u00cbRIM P\u00cbR MASHTRIMET P\u00cbR TRANSFERT\u00cbN TUAJ T\u00cb PARAVE Mbajini parat\u00eb t\u00eb sigurta! Po d\u00ebrgoni para p\u00ebr: 1) nj\u00eb agjenci qeveritare, autoritet tatimor apo policin\u00eb; 2) dik\u00eb q\u00eb nuk e njihni, duke p\u00ebrfshir\u00eb dik\u00eb q\u00eb keni njohur online p\u00ebrmes internetit [...]","protected":false},"author":1,"featured_media":0,"parent":0,"menu_order":0,"comment_status":"closed","ping_status":"closed","template":"","meta":{"footnotes":""},"class_list":["post-5307","page","type-page","status-publish","hentry"],"yoast_head":"<!-- This site is optimized with the Yoast SEO plugin v25.3.1 - https:\/\/yoast.com\/wordpress\/plugins\/seo\/ -->\n<title>Terma dhe Kushte MoneyGram - eReja<\/title>\n<meta name=\"robots\" content=\"index, follow, max-snippet:-1, max-image-preview:large, max-video-preview:-1\" \/>\n<link rel=\"canonical\" href=\"https:\/\/ereja.al\/en\/terma-dhe-kushte-mg\/\" \/>\n<meta property=\"og:locale\" content=\"en_US\" \/>\n<meta property=\"og:type\" content=\"article\" \/>\n<meta property=\"og:title\" content=\"Terma dhe Kushte MoneyGram - eReja\" \/>\n<meta property=\"og:url\" content=\"https:\/\/ereja.al\/en\/terma-dhe-kushte-mg\/\" \/>\n<meta property=\"og:site_name\" content=\"eReja\" \/>\n<meta property=\"article:modified_time\" content=\"2024-01-04T12:41:33+00:00\" \/>\n<meta name=\"twitter:card\" content=\"summary_large_image\" \/>\n<meta name=\"twitter:label1\" content=\"Est. reading time\" \/>\n\t<meta name=\"twitter:data1\" content=\"1 minute\" \/>\n<script type=\"application\/ld+json\" class=\"yoast-schema-graph\">{\"@context\":\"https:\/\/schema.org\",\"@graph\":[{\"@type\":\"WebPage\",\"@id\":\"https:\/\/ereja.al\/terma-dhe-kushte-mg\/\",\"url\":\"https:\/\/ereja.al\/terma-dhe-kushte-mg\/\",\"name\":\"Terma dhe Kushte MoneyGram - eReja\",\"isPartOf\":{\"@id\":\"https:\/\/ereja.al\/#website\"},\"datePublished\":\"2024-01-04T10:36:28+00:00\",\"dateModified\":\"2024-01-04T12:41:33+00:00\",\"breadcrumb\":{\"@id\":\"https:\/\/ereja.al\/terma-dhe-kushte-mg\/#breadcrumb\"},\"inLanguage\":\"en-US\",\"potentialAction\":[{\"@type\":\"ReadAction\",\"target\":[\"https:\/\/ereja.al\/terma-dhe-kushte-mg\/\"]}]},{\"@type\":\"BreadcrumbList\",\"@id\":\"https:\/\/ereja.al\/terma-dhe-kushte-mg\/#breadcrumb\",\"itemListElement\":[{\"@type\":\"ListItem\",\"position\":1,\"name\":\"Home\",\"item\":\"https:\/\/ereja.al\/\"},{\"@type\":\"ListItem\",\"position\":2,\"name\":\"Terma dhe Kushte MoneyGram\"}]},{\"@type\":\"WebSite\",\"@id\":\"https:\/\/ereja.al\/#website\",\"url\":\"https:\/\/ereja.al\/\",\"name\":\"eReja\",\"description\":\"Institucion i Parase Elektronike\",\"publisher\":{\"@id\":\"https:\/\/ereja.al\/#organization\"},\"potentialAction\":[{\"@type\":\"SearchAction\",\"target\":{\"@type\":\"EntryPoint\",\"urlTemplate\":\"https:\/\/ereja.al\/?s={search_term_string}\"},\"query-input\":{\"@type\":\"PropertyValueSpecification\",\"valueRequired\":true,\"valueName\":\"search_term_string\"}}],\"inLanguage\":\"en-US\"},{\"@type\":\"Organization\",\"@id\":\"https:\/\/ereja.al\/#organization\",\"name\":\"eReja\",\"url\":\"https:\/\/ereja.al\/\",\"logo\":{\"@type\":\"ImageObject\",\"inLanguage\":\"en-US\",\"@id\":\"https:\/\/ereja.al\/#\/schema\/logo\/image\/\",\"url\":\"https:\/\/ereja.al\/wp-content\/uploads\/2021\/11\/LOGO-black.png\",\"contentUrl\":\"https:\/\/ereja.al\/wp-content\/uploads\/2021\/11\/LOGO-black.png\",\"width\":150,\"height\":76,\"caption\":\"eReja\"},\"image\":{\"@id\":\"https:\/\/ereja.al\/#\/schema\/logo\/image\/\"}}]}<\/script>\n<!-- \/ Yoast SEO plugin. -->","yoast_head_json":{"title":"Terma dhe Kushte MoneyGram - eReja","robots":{"index":"index","follow":"follow","max-snippet":"max-snippet:-1","max-image-preview":"max-image-preview:large","max-video-preview":"max-video-preview:-1"},"canonical":"https:\/\/ereja.al\/en\/terma-dhe-kushte-mg\/","og_locale":"en_US","og_type":"article","og_title":"Terma dhe Kushte MoneyGram - eReja","og_url":"https:\/\/ereja.al\/en\/terma-dhe-kushte-mg\/","og_site_name":"eReja","article_modified_time":"2024-01-04T12:41:33+00:00","twitter_card":"summary_large_image","twitter_misc":{"Est. reading time":"1 minute"},"schema":{"@context":"https:\/\/schema.org","@graph":[{"@type":"WebPage","@id":"https:\/\/ereja.al\/terma-dhe-kushte-mg\/","url":"https:\/\/ereja.al\/terma-dhe-kushte-mg\/","name":"Terma dhe Kushte MoneyGram - eReja","isPartOf":{"@id":"https:\/\/ereja.al\/#website"},"datePublished":"2024-01-04T10:36:28+00:00","dateModified":"2024-01-04T12:41:33+00:00","breadcrumb":{"@id":"https:\/\/ereja.al\/terma-dhe-kushte-mg\/#breadcrumb"},"inLanguage":"en-US","potentialAction":[{"@type":"ReadAction","target":["https:\/\/ereja.al\/terma-dhe-kushte-mg\/"]}]},{"@type":"BreadcrumbList","@id":"https:\/\/ereja.al\/terma-dhe-kushte-mg\/#breadcrumb","itemListElement":[{"@type":"ListItem","position":1,"name":"Home","item":"https:\/\/ereja.al\/"},{"@type":"ListItem","position":2,"name":"Terma dhe Kushte MoneyGram"}]},{"@type":"WebSite","@id":"https:\/\/ereja.al\/#website","url":"https:\/\/ereja.al\/","name":"eReja","description":"Institucion i Parase Elektronike","publisher":{"@id":"https:\/\/ereja.al\/#organization"},"potentialAction":[{"@type":"SearchAction","target":{"@type":"EntryPoint","urlTemplate":"https:\/\/ereja.al\/?s={search_term_string}"},"query-input":{"@type":"PropertyValueSpecification","valueRequired":true,"valueName":"search_term_string"}}],"inLanguage":"en-US"},{"@type":"Organization","@id":"https:\/\/ereja.al\/#organization","name":"eReja","url":"https:\/\/ereja.al\/","logo":{"@type":"ImageObject","inLanguage":"en-US","@id":"https:\/\/ereja.al\/#\/schema\/logo\/image\/","url":"https:\/\/ereja.al\/wp-content\/uploads\/2021\/11\/LOGO-black.png","contentUrl":"https:\/\/ereja.al\/wp-content\/uploads\/2021\/11\/LOGO-black.png","width":150,"height":76,"caption":"eReja"},"image":{"@id":"https:\/\/ereja.al\/#\/schema\/logo\/image\/"}}]}},"_links":{"self":[{"href":"https:\/\/ereja.al\/en\/wp-json\/wp\/v2\/pages\/5307","targetHints":{"allow":["GET"]}}],"collection":[{"href":"https:\/\/ereja.al\/en\/wp-json\/wp\/v2\/pages"}],"about":[{"href":"https:\/\/ereja.al\/en\/wp-json\/wp\/v2\/types\/page"}],"author":[{"embeddable":true,"href":"https:\/\/ereja.al\/en\/wp-json\/wp\/v2\/users\/1"}],"replies":[{"embeddable":true,"href":"https:\/\/ereja.al\/en\/wp-json\/wp\/v2\/comments?post=5307"}],"version-history":[{"count":7,"href":"https:\/\/ereja.al\/en\/wp-json\/wp\/v2\/pages\/5307\/revisions"}],"predecessor-version":[{"id":5314,"href":"https:\/\/ereja.al\/en\/wp-json\/wp\/v2\/pages\/5307\/revisions\/5314"}],"wp:attachment":[{"href":"https:\/\/ereja.al\/en\/wp-json\/wp\/v2\/media?parent=5307"}],"curies":[{"name":"wp","href":"https:\/\/api.w.org\/{rel}","templated":true}]}}