{"id":5137,"date":"2023-08-24T07:23:50","date_gmt":"2023-08-24T07:23:50","guid":{"rendered":"https:\/\/ereja.al\/?page_id=5137"},"modified":"2023-10-03T06:43:47","modified_gmt":"2023-10-03T06:43:47","slug":"apliko-merchant","status":"publish","type":"page","link":"https:\/\/ereja.al\/en\/apliko-merchant\/","title":{"rendered":"Apply for partner eReja"},"content":{"rendered":"<div class=\"wpb-content-wrapper\"><div class=\"vc_row wpb_row vc_row-fluid\" ><div class=\"wpb_column vc_column_container vc_col-sm-12\"><div class=\"vc_column-inner\"><div class=\"wpb_wrapper\">\n\t<div class=\"wpb_text_column wpb_content_element wpb_animate_when_almost_visible wpb_fadeIn fadeIn\" >\n\t\t<div class=\"wpb_wrapper\">\n\t\t\t<div style=\"text-align: center; line-height: 1.3rem;\">\n<h2 style=\"margin-bottom: 0;\"><span style=\"color: #ffffff;\">APLIKONI P\u00cbR T\u00cb PRANUAR PAGESA ME<\/span><\/h2>\n<h1 style=\"margin-top: 0; margin-bottom: 30px;\"><strong><span style=\"color: #ffffff;\">eReja<\/span><\/strong><\/h1>\n<\/div>\n\n\t\t<\/div>\n\t<\/div>\n<\/div><\/div><\/div><\/div><div class=\"vc_row wpb_row vc_row-fluid\" ><div class=\"wpb_column vc_column_container vc_col-sm-12\"><div class=\"vc_column-inner\"><div class=\"wpb_wrapper\">\n\t<div class=\"wpb_text_column wpb_content_element\" >\n\t\t<div class=\"wpb_wrapper\">\n\t\t\t\n<div class=\"wpcf7 no-js\" id=\"wpcf7-f5140-o1\" lang=\"en-US\" dir=\"ltr\" data-wpcf7-id=\"5140\">\n<div class=\"screen-reader-response\"><p role=\"status\" aria-live=\"polite\" aria-atomic=\"true\"><\/p> <ul><\/ul><\/div>\n<form action=\"\/en\/wp-json\/wp\/v2\/pages\/5137#wpcf7-f5140-o1\" method=\"post\" class=\"wpcf7-form init\" aria-label=\"Contact form\" novalidate=\"novalidate\" data-status=\"init\" data-trp-original-action=\"\/en\/wp-json\/wp\/v2\/pages\/5137#wpcf7-f5140-o1\">\n<div style=\"display: none;\">\n<input type=\"hidden\" name=\"_wpcf7\" value=\"5140\" \/>\n<input type=\"hidden\" name=\"_wpcf7_version\" value=\"6.0.6\" \/>\n<input type=\"hidden\" name=\"_wpcf7_locale\" value=\"en_US\" \/>\n<input type=\"hidden\" name=\"_wpcf7_unit_tag\" value=\"wpcf7-f5140-o1\" \/>\n<input type=\"hidden\" name=\"_wpcf7_container_post\" value=\"0\" \/>\n<input type=\"hidden\" name=\"_wpcf7_posted_data_hash\" value=\"\" \/>\n<input type=\"hidden\" name=\"_wpcf7_recaptcha_response\" value=\"\" \/>\n<\/div>\n<p><label> Name Surname<br \/>\n<span class=\"wpcf7-form-control-wrap\" data-name=\"text-78\"><input size=\"40\" maxlength=\"400\" class=\"wpcf7-form-control wpcf7-text wpcf7-validates-as-required\" id=\"input\" aria-required=\"true\" aria-invalid=\"false\" placeholder=\"Place your full name\" value=\"\" type=\"text\" name=\"text-78\" \/><\/span> <\/label>\n<\/p>\n<p><label> Email<br \/>\n<span class=\"wpcf7-form-control-wrap\" data-name=\"your-email\"><input size=\"40\" maxlength=\"400\" class=\"wpcf7-form-control wpcf7-email wpcf7-validates-as-required wpcf7-text wpcf7-validates-as-email\" aria-required=\"true\" aria-invalid=\"false\" placeholder=\"Vendosni email tuaj\" value=\"\" type=\"email\" name=\"your-email\" \/><\/span> <\/label>\n<\/p>\n<p><label> Numri i telefonit<br \/>\n<span class=\"wpcf7-form-control-wrap\" data-name=\"tel-355\"><input size=\"40\" maxlength=\"400\" class=\"wpcf7-form-control wpcf7-tel wpcf7-validates-as-required wpcf7-text wpcf7-validates-as-tel\" aria-required=\"true\" aria-invalid=\"false\" placeholder=\"+355 68 xx xx xxx\" value=\"\" type=\"tel\" name=\"tel-355\" \/><\/span> <\/label>\n<\/p>\n<p><label> NIPT i biznesit<br \/>\n<span class=\"wpcf7-form-control-wrap\" data-name=\"text-125\"><input size=\"40\" maxlength=\"400\" class=\"wpcf7-form-control wpcf7-text wpcf7-validates-as-required\" aria-required=\"true\" aria-invalid=\"false\" placeholder=\"Vendosni NIPT e biznesit tuaj\" value=\"\" type=\"text\" name=\"text-125\" \/><\/span> <\/label>\n<\/p>\n<p><label> Address<br \/>\n<span class=\"wpcf7-form-control-wrap\" data-name=\"text-255\"><input size=\"40\" maxlength=\"400\" class=\"wpcf7-form-control wpcf7-text wpcf7-validates-as-required\" aria-required=\"true\" aria-invalid=\"false\" placeholder=\"Vendosni adres\u00ebn e biznesit tuaj\" value=\"\" type=\"text\" name=\"text-255\" \/><\/span> <\/label>\n<\/p>\n<p><label> Emri i biznesit<br \/>\n<span class=\"wpcf7-form-control-wrap\" data-name=\"text-225\"><input size=\"40\" maxlength=\"400\" class=\"wpcf7-form-control wpcf7-text wpcf7-validates-as-required\" aria-required=\"true\" aria-invalid=\"false\" placeholder=\"Place your business name\" value=\"\" type=\"text\" name=\"text-225\" \/><\/span> <\/label>\n<\/p>\n<p><input class=\"wpcf7-form-control wpcf7-submit has-spinner\" id=\"submit\" type=\"submit\" value=\"Apliko Tani\" \/>\n<\/p><input type='hidden' class='wpcf7-pum' value='{\"closepopup\":false,\"closedelay\":0,\"openpopup\":false,\"openpopup_id\":0}' \/><div class=\"wpcf7-response-output\" aria-hidden=\"true\"><\/div>\n<input type=\"hidden\" name=\"trp-form-language\" value=\"en\"\/><\/form>\n<\/div>\n\n\n\t\t<\/div>\n\t<\/div>\n<\/div><\/div><\/div><\/div><div class=\"vc_row wpb_row vc_row-fluid\" ><div class=\"wpb_column vc_column_container vc_col-sm-12\"><div class=\"vc_column-inner\"><div class=\"wpb_wrapper\"><div class=\"vc_empty_space\"   style=\"height: 50px\"><span class=\"vc_empty_space_inner\"><\/span><\/div><\/div><\/div><\/div><\/div>\n<\/div>","protected":false},"excerpt":{"rendered":"APLIKONI P\u00cbR T\u00cb PRANUAR PAGESA ME eReja Em\u00ebr Mbiem\u00ebr Email Numri i telefonit NIPT i biznesit Adresa Emri i biznesit","protected":false},"author":1,"featured_media":0,"parent":0,"menu_order":0,"comment_status":"closed","ping_status":"closed","template":"","meta":{"footnotes":""},"class_list":["post-5137","page","type-page","status-publish","hentry"],"yoast_head":"<!-- This site is optimized with the Yoast SEO plugin v25.3.1 - https:\/\/yoast.com\/wordpress\/plugins\/seo\/ -->\n<title>Apliko partner eReja - eReja<\/title>\n<meta name=\"robots\" content=\"index, follow, max-snippet:-1, max-image-preview:large, max-video-preview:-1\" \/>\n<link rel=\"canonical\" href=\"https:\/\/ereja.al\/en\/apliko-merchant\/\" \/>\n<meta property=\"og:locale\" content=\"en_US\" \/>\n<meta property=\"og:type\" content=\"article\" \/>\n<meta property=\"og:title\" content=\"Apliko partner eReja - eReja\" \/>\n<meta property=\"og:url\" content=\"https:\/\/ereja.al\/en\/apliko-merchant\/\" \/>\n<meta property=\"og:site_name\" content=\"eReja\" \/>\n<meta property=\"article:modified_time\" content=\"2023-10-03T06:43:47+00:00\" \/>\n<meta name=\"twitter:card\" content=\"summary_large_image\" \/>\n<meta name=\"twitter:label1\" content=\"Est. reading time\" \/>\n\t<meta name=\"twitter:data1\" content=\"1 minute\" \/>\n<script type=\"application\/ld+json\" class=\"yoast-schema-graph\">{\"@context\":\"https:\/\/schema.org\",\"@graph\":[{\"@type\":\"WebPage\",\"@id\":\"https:\/\/ereja.al\/apliko-merchant\/\",\"url\":\"https:\/\/ereja.al\/apliko-merchant\/\",\"name\":\"Apliko partner eReja - eReja\",\"isPartOf\":{\"@id\":\"https:\/\/ereja.al\/#website\"},\"datePublished\":\"2023-08-24T07:23:50+00:00\",\"dateModified\":\"2023-10-03T06:43:47+00:00\",\"breadcrumb\":{\"@id\":\"https:\/\/ereja.al\/apliko-merchant\/#breadcrumb\"},\"inLanguage\":\"en-US\",\"potentialAction\":[{\"@type\":\"ReadAction\",\"target\":[\"https:\/\/ereja.al\/apliko-merchant\/\"]}]},{\"@type\":\"BreadcrumbList\",\"@id\":\"https:\/\/ereja.al\/apliko-merchant\/#breadcrumb\",\"itemListElement\":[{\"@type\":\"ListItem\",\"position\":1,\"name\":\"Home\",\"item\":\"https:\/\/ereja.al\/\"},{\"@type\":\"ListItem\",\"position\":2,\"name\":\"Apliko partner eReja\"}]},{\"@type\":\"WebSite\",\"@id\":\"https:\/\/ereja.al\/#website\",\"url\":\"https:\/\/ereja.al\/\",\"name\":\"eReja\",\"description\":\"Institucion i Parase Elektronike\",\"publisher\":{\"@id\":\"https:\/\/ereja.al\/#organization\"},\"potentialAction\":[{\"@type\":\"SearchAction\",\"target\":{\"@type\":\"EntryPoint\",\"urlTemplate\":\"https:\/\/ereja.al\/?s={search_term_string}\"},\"query-input\":{\"@type\":\"PropertyValueSpecification\",\"valueRequired\":true,\"valueName\":\"search_term_string\"}}],\"inLanguage\":\"en-US\"},{\"@type\":\"Organization\",\"@id\":\"https:\/\/ereja.al\/#organization\",\"name\":\"eReja\",\"url\":\"https:\/\/ereja.al\/\",\"logo\":{\"@type\":\"ImageObject\",\"inLanguage\":\"en-US\",\"@id\":\"https:\/\/ereja.al\/#\/schema\/logo\/image\/\",\"url\":\"https:\/\/ereja.al\/wp-content\/uploads\/2021\/11\/LOGO-black.png\",\"contentUrl\":\"https:\/\/ereja.al\/wp-content\/uploads\/2021\/11\/LOGO-black.png\",\"width\":150,\"height\":76,\"caption\":\"eReja\"},\"image\":{\"@id\":\"https:\/\/ereja.al\/#\/schema\/logo\/image\/\"}}]}<\/script>\n<!-- \/ Yoast SEO plugin. -->","yoast_head_json":{"title":"Apliko partner eReja - eReja","robots":{"index":"index","follow":"follow","max-snippet":"max-snippet:-1","max-image-preview":"max-image-preview:large","max-video-preview":"max-video-preview:-1"},"canonical":"https:\/\/ereja.al\/en\/apliko-merchant\/","og_locale":"en_US","og_type":"article","og_title":"Apliko partner eReja - eReja","og_url":"https:\/\/ereja.al\/en\/apliko-merchant\/","og_site_name":"eReja","article_modified_time":"2023-10-03T06:43:47+00:00","twitter_card":"summary_large_image","twitter_misc":{"Est. reading time":"1 minute"},"schema":{"@context":"https:\/\/schema.org","@graph":[{"@type":"WebPage","@id":"https:\/\/ereja.al\/apliko-merchant\/","url":"https:\/\/ereja.al\/apliko-merchant\/","name":"Apliko partner eReja - eReja","isPartOf":{"@id":"https:\/\/ereja.al\/#website"},"datePublished":"2023-08-24T07:23:50+00:00","dateModified":"2023-10-03T06:43:47+00:00","breadcrumb":{"@id":"https:\/\/ereja.al\/apliko-merchant\/#breadcrumb"},"inLanguage":"en-US","potentialAction":[{"@type":"ReadAction","target":["https:\/\/ereja.al\/apliko-merchant\/"]}]},{"@type":"BreadcrumbList","@id":"https:\/\/ereja.al\/apliko-merchant\/#breadcrumb","itemListElement":[{"@type":"ListItem","position":1,"name":"Home","item":"https:\/\/ereja.al\/"},{"@type":"ListItem","position":2,"name":"Apliko partner eReja"}]},{"@type":"WebSite","@id":"https:\/\/ereja.al\/#website","url":"https:\/\/ereja.al\/","name":"eReja","description":"Institucion i Parase Elektronike","publisher":{"@id":"https:\/\/ereja.al\/#organization"},"potentialAction":[{"@type":"SearchAction","target":{"@type":"EntryPoint","urlTemplate":"https:\/\/ereja.al\/?s={search_term_string}"},"query-input":{"@type":"PropertyValueSpecification","valueRequired":true,"valueName":"search_term_string"}}],"inLanguage":"en-US"},{"@type":"Organization","@id":"https:\/\/ereja.al\/#organization","name":"eReja","url":"https:\/\/ereja.al\/","logo":{"@type":"ImageObject","inLanguage":"en-US","@id":"https:\/\/ereja.al\/#\/schema\/logo\/image\/","url":"https:\/\/ereja.al\/wp-content\/uploads\/2021\/11\/LOGO-black.png","contentUrl":"https:\/\/ereja.al\/wp-content\/uploads\/2021\/11\/LOGO-black.png","width":150,"height":76,"caption":"eReja"},"image":{"@id":"https:\/\/ereja.al\/#\/schema\/logo\/image\/"}}]}},"_links":{"self":[{"href":"https:\/\/ereja.al\/en\/wp-json\/wp\/v2\/pages\/5137","targetHints":{"allow":["GET"]}}],"collection":[{"href":"https:\/\/ereja.al\/en\/wp-json\/wp\/v2\/pages"}],"about":[{"href":"https:\/\/ereja.al\/en\/wp-json\/wp\/v2\/types\/page"}],"author":[{"embeddable":true,"href":"https:\/\/ereja.al\/en\/wp-json\/wp\/v2\/users\/1"}],"replies":[{"embeddable":true,"href":"https:\/\/ereja.al\/en\/wp-json\/wp\/v2\/comments?post=5137"}],"version-history":[{"count":21,"href":"https:\/\/ereja.al\/en\/wp-json\/wp\/v2\/pages\/5137\/revisions"}],"predecessor-version":[{"id":5286,"href":"https:\/\/ereja.al\/en\/wp-json\/wp\/v2\/pages\/5137\/revisions\/5286"}],"wp:attachment":[{"href":"https:\/\/ereja.al\/en\/wp-json\/wp\/v2\/media?parent=5137"}],"curies":[{"name":"wp","href":"https:\/\/api.w.org\/{rel}","templated":true}]}}