{"id":2589,"date":"2018-02-02T12:45:08","date_gmt":"2018-02-02T12:45:08","guid":{"rendered":"http:\/\/sceon.elated-themes.com\/?page_id=2589"},"modified":"2021-12-02T13:34:12","modified_gmt":"2021-12-02T13:34:12","slug":"faqs","status":"publish","type":"page","link":"https:\/\/ereja.al\/en\/faqs\/","title":{"rendered":"Faqs"},"content":{"rendered":"<div class=\"wpb-content-wrapper\"><div class=\"eltdf-row-grid-section-wrapper\"  ><div class=\"eltdf-row-grid-section\"><div class=\"vc_row wpb_row vc_row-fluid vc_custom_1517575644369\" ><div class=\"wpb_column vc_column_container vc_col-sm-12\"><div class=\"vc_column-inner\"><div class=\"wpb_wrapper\">\n\t<div class=\"wpb_text_column wpb_content_element\" >\n\t\t<div class=\"wpb_wrapper\">\n\t\t\t<p><strong>\u00a0<\/strong><\/p>\n<p><strong>What is eReja?<\/strong><\/p>\n<p>eReja is an Electronic Money Institution, which brings innovation in the field of payments and transfers.<\/p>\n<p>With eReja you can make payments to different merchants by scanning the QR code on the invoice, all utility payments, as well as transfers from wallet to wallet or from wallet to cash<\/p>\n<p><strong>How can I download the application?<\/strong><\/p>\n<p>The app is available in App Store and Google Play. The application has no fee for downloads or maintenance.<\/p>\n<p><strong>How do I create an account and how do I top it up?<\/strong><\/p>\n<p>Once you have downloaded the eReja application, all you have to do is enter a phone number and fill in the required information in My Profile. <u>Profile<\/u>You can top up your digital wallet 1) from your bank account; 2) through transfers from other wallets or 3) in each Ak-Invest branch and agent.<\/p>\n<p>*<em>* Please make sure you have entered the correct phone number, as in order to access your wallet, you will be sent an SMS with OTP (one time password) \/ unique verification message. <\/em><\/p>\n<p><strong>Do I need a bank account to use the app?<\/strong><\/p>\n<p>No, you can use the application without a bank account, it is enough to sign up in eReja.<\/p>\n<p><strong>Does eReja have access to my bank account?<\/strong><\/p>\n<p>eReja does not have access to your account or bank history.<\/p>\n<p><strong>Where can I withdraw Cash from the wallet?<\/strong><\/p>\n<p>You can convert your electronic  money into cash at any Ak-Invest office.<\/p>\n<p>Please consult in advance on the fees in the Contract with the Client and the <u>Terms and Conditions<\/u><\/p>\n<p><strong>Can I change my personal information?<\/strong><\/p>\n<p>You can log in to my <u>Profile<\/u> at any time and update your personal information, except to your phone number.<\/p>\n<p><strong>What other costs do I have for transactions?<\/strong><\/p>\n<p>You can find the fees for the services listed in the Contract with the Client and the <u>Terms and Conditions.<\/u>.<\/p>\n<p>Fees for new services that will be added from time to time, will be reflected in the same space.<\/p>\n<p><strong>How to stay in touch?<\/strong><\/p>\n<p>For any ambiguity or questions which you do not find listed above, please contact us in: 0688030222 or via mail : <a href=\"mailto:support@ereja.al\">support@ereja.al<\/a><\/p>\n\n\t\t<\/div>\n\t<\/div>\n<\/div><\/div><\/div><\/div><\/div><\/div>\n<\/div>","protected":false},"excerpt":{"rendered":"\u00a0 Cfar\u00eb \u00ebsht\u00eb eReja? eReja \u00ebsht\u00eb Institucion i Paras\u00eb Elektronike, i cili sjell risi n\u00eb fush\u00ebn e pagesave dhe transfertave. Me eReja mund t\u00eb kryeni pagesa n\u00eb tregtar\u00eb t\u00eb ndrysh\u00ebm duke skanuar QR code mbi fatur\u00eb, t\u00eb gjitha pagesat [...]","protected":false},"author":1,"featured_media":0,"parent":0,"menu_order":0,"comment_status":"closed","ping_status":"closed","template":"full-width.php","meta":{"footnotes":""},"class_list":["post-2589","page","type-page","status-publish","hentry"],"yoast_head":"<!-- This site is optimized with the Yoast SEO plugin v25.3.1 - https:\/\/yoast.com\/wordpress\/plugins\/seo\/ -->\n<title>Faqs - eReja<\/title>\n<meta name=\"robots\" content=\"index, follow, max-snippet:-1, max-image-preview:large, max-video-preview:-1\" \/>\n<link rel=\"canonical\" href=\"https:\/\/ereja.al\/en\/faqs\/\" \/>\n<meta property=\"og:locale\" content=\"en_US\" \/>\n<meta property=\"og:type\" content=\"article\" \/>\n<meta property=\"og:title\" content=\"Faqs - eReja\" \/>\n<meta property=\"og:url\" content=\"https:\/\/ereja.al\/en\/faqs\/\" \/>\n<meta property=\"og:site_name\" content=\"eReja\" \/>\n<meta property=\"article:modified_time\" content=\"2021-12-02T13:34:12+00:00\" \/>\n<meta name=\"twitter:card\" content=\"summary_large_image\" \/>\n<meta name=\"twitter:label1\" content=\"Est. reading time\" \/>\n\t<meta name=\"twitter:data1\" content=\"2 minutes\" \/>\n<script type=\"application\/ld+json\" class=\"yoast-schema-graph\">{\"@context\":\"https:\/\/schema.org\",\"@graph\":[{\"@type\":\"WebPage\",\"@id\":\"https:\/\/ereja.al\/faqs\/\",\"url\":\"https:\/\/ereja.al\/faqs\/\",\"name\":\"Faqs - eReja\",\"isPartOf\":{\"@id\":\"https:\/\/ereja.al\/#website\"},\"datePublished\":\"2018-02-02T12:45:08+00:00\",\"dateModified\":\"2021-12-02T13:34:12+00:00\",\"breadcrumb\":{\"@id\":\"https:\/\/ereja.al\/faqs\/#breadcrumb\"},\"inLanguage\":\"en-US\",\"potentialAction\":[{\"@type\":\"ReadAction\",\"target\":[\"https:\/\/ereja.al\/faqs\/\"]}]},{\"@type\":\"BreadcrumbList\",\"@id\":\"https:\/\/ereja.al\/faqs\/#breadcrumb\",\"itemListElement\":[{\"@type\":\"ListItem\",\"position\":1,\"name\":\"Home\",\"item\":\"https:\/\/ereja.al\/\"},{\"@type\":\"ListItem\",\"position\":2,\"name\":\"Faqs\"}]},{\"@type\":\"WebSite\",\"@id\":\"https:\/\/ereja.al\/#website\",\"url\":\"https:\/\/ereja.al\/\",\"name\":\"eReja\",\"description\":\"Institucion i Parase Elektronike\",\"publisher\":{\"@id\":\"https:\/\/ereja.al\/#organization\"},\"potentialAction\":[{\"@type\":\"SearchAction\",\"target\":{\"@type\":\"EntryPoint\",\"urlTemplate\":\"https:\/\/ereja.al\/?s={search_term_string}\"},\"query-input\":{\"@type\":\"PropertyValueSpecification\",\"valueRequired\":true,\"valueName\":\"search_term_string\"}}],\"inLanguage\":\"en-US\"},{\"@type\":\"Organization\",\"@id\":\"https:\/\/ereja.al\/#organization\",\"name\":\"eReja\",\"url\":\"https:\/\/ereja.al\/\",\"logo\":{\"@type\":\"ImageObject\",\"inLanguage\":\"en-US\",\"@id\":\"https:\/\/ereja.al\/#\/schema\/logo\/image\/\",\"url\":\"https:\/\/ereja.al\/wp-content\/uploads\/2021\/11\/LOGO-black.png\",\"contentUrl\":\"https:\/\/ereja.al\/wp-content\/uploads\/2021\/11\/LOGO-black.png\",\"width\":150,\"height\":76,\"caption\":\"eReja\"},\"image\":{\"@id\":\"https:\/\/ereja.al\/#\/schema\/logo\/image\/\"}}]}<\/script>\n<!-- \/ Yoast SEO plugin. -->","yoast_head_json":{"title":"Faqs - eReja","robots":{"index":"index","follow":"follow","max-snippet":"max-snippet:-1","max-image-preview":"max-image-preview:large","max-video-preview":"max-video-preview:-1"},"canonical":"https:\/\/ereja.al\/en\/faqs\/","og_locale":"en_US","og_type":"article","og_title":"Faqs - eReja","og_url":"https:\/\/ereja.al\/en\/faqs\/","og_site_name":"eReja","article_modified_time":"2021-12-02T13:34:12+00:00","twitter_card":"summary_large_image","twitter_misc":{"Est. reading time":"2 minutes"},"schema":{"@context":"https:\/\/schema.org","@graph":[{"@type":"WebPage","@id":"https:\/\/ereja.al\/faqs\/","url":"https:\/\/ereja.al\/faqs\/","name":"Faqs - eReja","isPartOf":{"@id":"https:\/\/ereja.al\/#website"},"datePublished":"2018-02-02T12:45:08+00:00","dateModified":"2021-12-02T13:34:12+00:00","breadcrumb":{"@id":"https:\/\/ereja.al\/faqs\/#breadcrumb"},"inLanguage":"en-US","potentialAction":[{"@type":"ReadAction","target":["https:\/\/ereja.al\/faqs\/"]}]},{"@type":"BreadcrumbList","@id":"https:\/\/ereja.al\/faqs\/#breadcrumb","itemListElement":[{"@type":"ListItem","position":1,"name":"Home","item":"https:\/\/ereja.al\/"},{"@type":"ListItem","position":2,"name":"Faqs"}]},{"@type":"WebSite","@id":"https:\/\/ereja.al\/#website","url":"https:\/\/ereja.al\/","name":"eReja","description":"Institucion i Parase Elektronike","publisher":{"@id":"https:\/\/ereja.al\/#organization"},"potentialAction":[{"@type":"SearchAction","target":{"@type":"EntryPoint","urlTemplate":"https:\/\/ereja.al\/?s={search_term_string}"},"query-input":{"@type":"PropertyValueSpecification","valueRequired":true,"valueName":"search_term_string"}}],"inLanguage":"en-US"},{"@type":"Organization","@id":"https:\/\/ereja.al\/#organization","name":"eReja","url":"https:\/\/ereja.al\/","logo":{"@type":"ImageObject","inLanguage":"en-US","@id":"https:\/\/ereja.al\/#\/schema\/logo\/image\/","url":"https:\/\/ereja.al\/wp-content\/uploads\/2021\/11\/LOGO-black.png","contentUrl":"https:\/\/ereja.al\/wp-content\/uploads\/2021\/11\/LOGO-black.png","width":150,"height":76,"caption":"eReja"},"image":{"@id":"https:\/\/ereja.al\/#\/schema\/logo\/image\/"}}]}},"_links":{"self":[{"href":"https:\/\/ereja.al\/en\/wp-json\/wp\/v2\/pages\/2589","targetHints":{"allow":["GET"]}}],"collection":[{"href":"https:\/\/ereja.al\/en\/wp-json\/wp\/v2\/pages"}],"about":[{"href":"https:\/\/ereja.al\/en\/wp-json\/wp\/v2\/types\/page"}],"author":[{"embeddable":true,"href":"https:\/\/ereja.al\/en\/wp-json\/wp\/v2\/users\/1"}],"replies":[{"embeddable":true,"href":"https:\/\/ereja.al\/en\/wp-json\/wp\/v2\/comments?post=2589"}],"version-history":[{"count":2,"href":"https:\/\/ereja.al\/en\/wp-json\/wp\/v2\/pages\/2589\/revisions"}],"predecessor-version":[{"id":4846,"href":"https:\/\/ereja.al\/en\/wp-json\/wp\/v2\/pages\/2589\/revisions\/4846"}],"wp:attachment":[{"href":"https:\/\/ereja.al\/en\/wp-json\/wp\/v2\/media?parent=2589"}],"curies":[{"name":"wp","href":"https:\/\/api.w.org\/{rel}","templated":true}]}}